{"id":1245,"date":"2025-07-04T11:27:29","date_gmt":"2025-07-04T14:27:29","guid":{"rendered":"https:\/\/reciclarg.com\/?post_type=product&#038;p=1245"},"modified":"2026-02-13T16:50:07","modified_gmt":"2026-02-13T19:50:07","slug":"monitor-dell-17-e178wfpc","status":"publish","type":"product","link":"https:\/\/reciclarg.com\/en\/product\/monitor-dell-17-e178wfpc\/","title":{"rendered":"Monitor Dell 17&#8243; E178WFPC"},"content":{"rendered":"<p><em><strong>PRODUCTO RECUPERADO<\/strong><\/em><\/p>\n<ul>\n<li>Conexi\u00f3n VGA<\/li>\n<li>Conexi\u00f3n 220v<\/li>\n<\/ul>\n<p>No incluye env\u00edo, el mismo se cotiza por Correo Argentino luego de realizar la compra.<\/p>\n<p>Debe contactarse por Whatsapp.<\/p>","protected":false},"excerpt":{"rendered":"<p>PRODUCTO RECUPERADO Conexi\u00f3n VGA Conexi\u00f3n 220v No incluye env\u00edo, el mismo se cotiza por Correo Argentino luego de realizar la compra. Debe contactarse por Whatsapp.<\/p>","protected":false},"featured_media":1246,"comment_status":"closed","ping_status":"closed","template":"","meta":[],"product_cat":[47],"product_tag":[],"class_list":{"0":"post-1245","1":"product","2":"type-product","3":"status-publish","4":"has-post-thumbnail","6":"product_cat-monitores","8":"first","9":"outofstock","10":"shipping-taxable","11":"purchasable","12":"product-type-simple"},"_links":{"self":[{"href":"https:\/\/reciclarg.com\/en\/wp-json\/wp\/v2\/product\/1245","targetHints":{"allow":["GET"]}}],"collection":[{"href":"https:\/\/reciclarg.com\/en\/wp-json\/wp\/v2\/product"}],"about":[{"href":"https:\/\/reciclarg.com\/en\/wp-json\/wp\/v2\/types\/product"}],"replies":[{"embeddable":true,"href":"https:\/\/reciclarg.com\/en\/wp-json\/wp\/v2\/comments?post=1245"}],"wp:featuredmedia":[{"embeddable":true,"href":"https:\/\/reciclarg.com\/en\/wp-json\/wp\/v2\/media\/1246"}],"wp:attachment":[{"href":"https:\/\/reciclarg.com\/en\/wp-json\/wp\/v2\/media?parent=1245"}],"wp:term":[{"taxonomy":"product_cat","embeddable":true,"href":"https:\/\/reciclarg.com\/en\/wp-json\/wp\/v2\/product_cat?post=1245"},{"taxonomy":"product_tag","embeddable":true,"href":"https:\/\/reciclarg.com\/en\/wp-json\/wp\/v2\/product_tag?post=1245"}],"curies":[{"name":"wp","href":"https:\/\/api.w.org\/{rel}","templated":true}]}}