{"id":533,"date":"2023-04-11T14:20:46","date_gmt":"2023-04-11T17:20:46","guid":{"rendered":"https:\/\/reciclarg.com\/?post_type=product&#038;p=533"},"modified":"2026-02-13T16:42:22","modified_gmt":"2026-02-13T19:42:22","slug":"cargador-monopatin-scooter-ebike-42v-4a","status":"publish","type":"product","link":"https:\/\/reciclarg.com\/en\/product\/cargador-monopatin-scooter-ebike-42v-4a\/","title":{"rendered":"Cargador Monopatin-Scooter \/ eBike 42v 4A"},"content":{"rendered":"<p>Output: 42v ~ 4A (Carga Rapida)<br \/>\nFicha: 10mm largo, 7,5mm ancho, 1,5mm pin interno.<\/p>\n<p>Este cargador es para varios modelos de monopat\u00edn, dado a que existen muchas marcas, es fundamental revisar la ficha t\u00e9cnica de su equipo. Suele ser compatible con bater\u00edas de hasta 36v.<\/p>\n<p>Carga segura: Incluye un LED que se pone rojo mientras carga, es normal. Cuando llega a la totalidad de la carga frena la salida de energ\u00eda para asegurar su bater\u00eda.<\/p>\n<p>Por compras en cantidad, contactarse a nuestro whatsapp o al mail: ventas@reciclarg.com<\/p>\n<p>No incluye env\u00edo, el mismo se cotiza por Correo Argentino luego de realizar la compra.<\/p>\n<p>Debe contactarse por Whatsapp.<\/p>","protected":false},"excerpt":{"rendered":"<p>Output: 42v ~ 4A (Carga Rapida) Ficha: 10mm largo, 7,5mm ancho, 1,5mm pin interno. Este cargador es para varios modelos de monopat\u00edn, dado a que existen muchas marcas, es fundamental&#8230;<\/p>","protected":false},"featured_media":532,"comment_status":"open","ping_status":"closed","template":"","meta":[],"product_cat":[62],"product_tag":[],"class_list":{"0":"post-533","1":"product","2":"type-product","3":"status-publish","4":"has-post-thumbnail","6":"product_cat-cargadores","8":"first","9":"outofstock","10":"sold-individually","11":"shipping-taxable","12":"product-type-simple"},"_links":{"self":[{"href":"https:\/\/reciclarg.com\/en\/wp-json\/wp\/v2\/product\/533","targetHints":{"allow":["GET"]}}],"collection":[{"href":"https:\/\/reciclarg.com\/en\/wp-json\/wp\/v2\/product"}],"about":[{"href":"https:\/\/reciclarg.com\/en\/wp-json\/wp\/v2\/types\/product"}],"replies":[{"embeddable":true,"href":"https:\/\/reciclarg.com\/en\/wp-json\/wp\/v2\/comments?post=533"}],"wp:featuredmedia":[{"embeddable":true,"href":"https:\/\/reciclarg.com\/en\/wp-json\/wp\/v2\/media\/532"}],"wp:attachment":[{"href":"https:\/\/reciclarg.com\/en\/wp-json\/wp\/v2\/media?parent=533"}],"wp:term":[{"taxonomy":"product_cat","embeddable":true,"href":"https:\/\/reciclarg.com\/en\/wp-json\/wp\/v2\/product_cat?post=533"},{"taxonomy":"product_tag","embeddable":true,"href":"https:\/\/reciclarg.com\/en\/wp-json\/wp\/v2\/product_tag?post=533"}],"curies":[{"name":"wp","href":"https:\/\/api.w.org\/{rel}","templated":true}]}}