{"id":656,"date":"2023-04-19T17:10:09","date_gmt":"2023-04-19T20:10:09","guid":{"rendered":"https:\/\/reciclarg.com\/?post_type=product&#038;p=656"},"modified":"2026-02-13T16:43:06","modified_gmt":"2026-02-13T19:43:06","slug":"placa-red-ethernet-pci","status":"publish","type":"product","link":"https:\/\/reciclarg.com\/en\/product\/placa-red-ethernet-pci\/","title":{"rendered":"Placa Red Ethernet PCI."},"content":{"rendered":"<p><em><strong>Producto reacondicionado<\/strong><\/em><\/p>\n<ul>\n<li>Tasa de transferencia de datos: 54mb\/s<\/li>\n<li>Interfaz: PCI.<\/li>\n<li><span class=\"ui-pdp-color--BLACK ui-pdp-size--XSMALL ui-pdp-family--BOLD\">Tecnolog\u00eda de conectividad<\/span>: Ethernet<\/li>\n<li>Modelo: ENLGA-1320.<\/li>\n<li>Foto real del producto.<\/li>\n<\/ul>\n<p>El precio no incluye env\u00edo.<\/p>\n<p>Cotizar env\u00edo por Whatsapp 2617009520<\/p>","protected":false},"excerpt":{"rendered":"<p>Producto reacondicionado Tasa de transferencia de datos: 54mb\/s Interfaz: PCI. Tecnolog\u00eda de conectividad: Ethernet Modelo: ENLGA-1320. Foto real del producto. El precio no incluye env\u00edo. Cotizar env\u00edo por Whatsapp 2617009520<\/p>","protected":false},"featured_media":657,"comment_status":"open","ping_status":"closed","template":"","meta":[],"product_cat":[56],"product_tag":[],"class_list":{"0":"post-656","1":"product","2":"type-product","3":"status-publish","4":"has-post-thumbnail","6":"product_cat-placa-ethernet","8":"first","9":"outofstock","10":"shipping-taxable","11":"purchasable","12":"product-type-simple"},"_links":{"self":[{"href":"https:\/\/reciclarg.com\/en\/wp-json\/wp\/v2\/product\/656","targetHints":{"allow":["GET"]}}],"collection":[{"href":"https:\/\/reciclarg.com\/en\/wp-json\/wp\/v2\/product"}],"about":[{"href":"https:\/\/reciclarg.com\/en\/wp-json\/wp\/v2\/types\/product"}],"replies":[{"embeddable":true,"href":"https:\/\/reciclarg.com\/en\/wp-json\/wp\/v2\/comments?post=656"}],"wp:featuredmedia":[{"embeddable":true,"href":"https:\/\/reciclarg.com\/en\/wp-json\/wp\/v2\/media\/657"}],"wp:attachment":[{"href":"https:\/\/reciclarg.com\/en\/wp-json\/wp\/v2\/media?parent=656"}],"wp:term":[{"taxonomy":"product_cat","embeddable":true,"href":"https:\/\/reciclarg.com\/en\/wp-json\/wp\/v2\/product_cat?post=656"},{"taxonomy":"product_tag","embeddable":true,"href":"https:\/\/reciclarg.com\/en\/wp-json\/wp\/v2\/product_tag?post=656"}],"curies":[{"name":"wp","href":"https:\/\/api.w.org\/{rel}","templated":true}]}}